{"id":106,"date":"2020-05-04T15:08:32","date_gmt":"2020-05-04T15:08:32","guid":{"rendered":"http:\/\/vonbrese.de\/?page_id=106"},"modified":"2020-05-05T17:07:03","modified_gmt":"2020-05-05T17:07:03","slug":"impressum","status":"publish","type":"page","link":"http:\/\/vonbrese.de\/?page_id=106","title":{"rendered":"Impressum"},"content":{"rendered":"\t\t<div data-elementor-type=\"wp-page\" data-elementor-id=\"106\" class=\"elementor elementor-106\">\n\t\t\t\t\t\t<section class=\"elementor-section elementor-top-section elementor-element elementor-element-d700c5b elementor-section-boxed elementor-section-height-default elementor-section-height-default\" data-id=\"d700c5b\" data-element_type=\"section\" data-e-type=\"section\" data-settings=\"{&quot;background_background&quot;:&quot;classic&quot;}\">\n\t\t\t\t\t\t<div class=\"elementor-container elementor-column-gap-default\">\n\t\t\t\t\t<div class=\"elementor-column elementor-col-100 elementor-top-column elementor-element elementor-element-2a9c99a\" data-id=\"2a9c99a\" data-element_type=\"column\" data-e-type=\"column\">\n\t\t\t<div class=\"elementor-widget-wrap elementor-element-populated\">\n\t\t\t\t\t\t<div class=\"elementor-element elementor-element-8d80083 elementor-widget elementor-widget-text-editor\" data-id=\"8d80083\" data-element_type=\"widget\" data-e-type=\"widget\" data-widget_type=\"text-editor.default\">\n\t\t\t\t<div class=\"elementor-widget-container\">\n\t\t\t\t\t\t\t\t\t<p class=\"kleineheadline\" style=\"font-style: normal; font-variant-caps: normal; color: #003399; font-size: 13px; font-family: Verdana, Geneva, sans-serif; line-height: 15px; font-weight: bold;\">Impressum<\/p><h1>Von Brese Beratungs GmbH<br \/>Rohrackerstra\u00dfe 203<br \/>70329 Stuttgart<\/h1><h1><br \/>Telefon 0711\/33 61 203<br \/>Telefax 0711\/33 61 204<br \/><a style=\"font-family: Verdana, Arial, Helvetica, sans-serif; font-size: 11px; color: #003399; line-height: 15px; text-decoration: underline;\" href=\"mailto:beratung@vonbrese.de\">beratung@vonbrese.de<br \/><\/a><span style=\"font-family: Verdana, Arial, Helvetica, sans-serif; font-size: 11px; font-style: normal; font-variant-caps: normal;\"><br \/><\/span><\/h1><h1><span style=\"font-family: Verdana, Arial, Helvetica, sans-serif; font-size: 11px; font-style: normal; font-variant-caps: normal;\">Gesch\u00e4ftsf\u00fchrung:\u00a0<\/span>Britta von Brese<br \/>Registergericht: Stuttgart<br \/>Handelsregister Nr. B 21783<br \/>USt-ID: DE213472507<br \/><br \/><\/h1><h1>Inhaltlich Verantwortlicher gem\u00e4\u00df \u00a7 10 Absatz 3 MDSTV: Britta von Brese<br \/>Haftungshinweis: Trotz inhaltlicher Kontrolle \u00fcbernehme ich keine Haftung f\u00fcr die Inhalte externer Links. F\u00fcr den Inhalt der verlinkten Seiten sind ausschlie\u00dflich deren Betreiber verantwortlich.<br \/>Grafische Gestaltung, Texte sowie der Quelltext dieser Website sind urheberrechtlich gesch\u00fctzt. Weiterverwendung und Vervielf\u00e4ltigung ist nur mit schriftlicher Genehmigung von Britta von Brese bzw. durch die jeweiligen Rechte-Inhaber gestattet. Es gelten die gesetzlichen Copyright-Bestimmungen. Ein Versto\u00df zieht strafrechtliche Schritte nach sich.<\/h1>\t\t\t\t\t\t\t\t<\/div>\n\t\t\t\t<\/div>\n\t\t\t\t\t<\/div>\n\t\t<\/div>\n\t\t\t\t\t<\/div>\n\t\t<\/section>\n\t\t\t\t<\/div>\n\t\t","protected":false},"excerpt":{"rendered":"<p>Impressum Von Brese Beratungs GmbHRohrackerstra\u00dfe 20370329 Stuttgart Telefon 0711\/33 61 203Telefax 0711\/33 61 204beratung@vonbrese.de Gesch\u00e4ftsf\u00fchrung:\u00a0Britta von BreseRegistergericht: StuttgartHandelsregister Nr. B 21783USt-ID: DE213472507 Inhaltlich Verantwortlicher gem\u00e4\u00df \u00a7 10 Absatz 3 MDSTV: Britta von BreseHaftungshinweis: Trotz inhaltlicher Kontrolle \u00fcbernehme ich keine Haftung f\u00fcr die Inhalte externer Links. F\u00fcr den Inhalt der verlinkten Seiten sind ausschlie\u00dflich deren Betreiber [&hellip;]<\/p>\n","protected":false},"author":1,"featured_media":0,"parent":0,"menu_order":0,"comment_status":"closed","ping_status":"closed","template":"","meta":{"ocean_post_layout":"full-screen","ocean_both_sidebars_style":"","ocean_both_sidebars_content_width":0,"ocean_both_sidebars_sidebars_width":0,"ocean_sidebar":"0","ocean_second_sidebar":"0","ocean_disable_margins":"enable","ocean_add_body_class":"","ocean_shortcode_before_top_bar":"","ocean_shortcode_after_top_bar":"","ocean_shortcode_before_header":"","ocean_shortcode_after_header":"","ocean_has_shortcode":"","ocean_shortcode_after_title":"","ocean_shortcode_before_footer_widgets":"","ocean_shortcode_after_footer_widgets":"","ocean_shortcode_before_footer_bottom":"","ocean_shortcode_after_footer_bottom":"","ocean_display_top_bar":"off","ocean_display_header":"on","ocean_header_style":"","ocean_center_header_left_menu":"0","ocean_custom_header_template":"0","ocean_custom_logo":0,"ocean_custom_retina_logo":0,"ocean_custom_logo_max_width":0,"ocean_custom_logo_tablet_max_width":0,"ocean_custom_logo_mobile_max_width":0,"ocean_custom_logo_max_height":0,"ocean_custom_logo_tablet_max_height":0,"ocean_custom_logo_mobile_max_height":0,"ocean_header_custom_menu":"0","ocean_menu_typo_font_family":"0","ocean_menu_typo_font_subset":"","ocean_menu_typo_font_size":0,"ocean_menu_typo_font_size_tablet":0,"ocean_menu_typo_font_size_mobile":0,"ocean_menu_typo_font_size_unit":"px","ocean_menu_typo_font_weight":"","ocean_menu_typo_font_weight_tablet":"","ocean_menu_typo_font_weight_mobile":"","ocean_menu_typo_transform":"","ocean_menu_typo_transform_tablet":"","ocean_menu_typo_transform_mobile":"","ocean_menu_typo_line_height":0,"ocean_menu_typo_line_height_tablet":0,"ocean_menu_typo_line_height_mobile":0,"ocean_menu_typo_line_height_unit":"","ocean_menu_typo_spacing":0,"ocean_menu_typo_spacing_tablet":0,"ocean_menu_typo_spacing_mobile":0,"ocean_menu_typo_spacing_unit":"","ocean_menu_link_color":"","ocean_menu_link_color_hover":"","ocean_menu_link_color_active":"","ocean_menu_link_background":"","ocean_menu_link_hover_background":"","ocean_menu_link_active_background":"","ocean_menu_social_links_bg":"","ocean_menu_social_hover_links_bg":"","ocean_menu_social_links_color":"","ocean_menu_social_hover_links_color":"","ocean_disable_title":"on","ocean_disable_heading":"default","ocean_post_title":"","ocean_post_subheading":"","ocean_post_title_style":"","ocean_post_title_background_color":"","ocean_post_title_background":0,"ocean_post_title_bg_image_position":"","ocean_post_title_bg_image_attachment":"","ocean_post_title_bg_image_repeat":"","ocean_post_title_bg_image_size":"","ocean_post_title_height":0,"ocean_post_title_bg_overlay":0.5,"ocean_post_title_bg_overlay_color":"","ocean_disable_breadcrumbs":"default","ocean_breadcrumbs_color":"","ocean_breadcrumbs_separator_color":"","ocean_breadcrumbs_links_color":"","ocean_breadcrumbs_links_hover_color":"","ocean_display_footer_widgets":"default","ocean_display_footer_bottom":"default","ocean_custom_footer_template":"0","footnotes":""},"class_list":["post-106","page","type-page","status-publish","hentry","entry"],"_links":{"self":[{"href":"http:\/\/vonbrese.de\/index.php?rest_route=\/wp\/v2\/pages\/106","targetHints":{"allow":["GET"]}}],"collection":[{"href":"http:\/\/vonbrese.de\/index.php?rest_route=\/wp\/v2\/pages"}],"about":[{"href":"http:\/\/vonbrese.de\/index.php?rest_route=\/wp\/v2\/types\/page"}],"author":[{"embeddable":true,"href":"http:\/\/vonbrese.de\/index.php?rest_route=\/wp\/v2\/users\/1"}],"replies":[{"embeddable":true,"href":"http:\/\/vonbrese.de\/index.php?rest_route=%2Fwp%2Fv2%2Fcomments&post=106"}],"version-history":[{"count":12,"href":"http:\/\/vonbrese.de\/index.php?rest_route=\/wp\/v2\/pages\/106\/revisions"}],"predecessor-version":[{"id":219,"href":"http:\/\/vonbrese.de\/index.php?rest_route=\/wp\/v2\/pages\/106\/revisions\/219"}],"wp:attachment":[{"href":"http:\/\/vonbrese.de\/index.php?rest_route=%2Fwp%2Fv2%2Fmedia&parent=106"}],"curies":[{"name":"wp","href":"https:\/\/api.w.org\/{rel}","templated":true}]}}