{"id":55,"date":"2020-04-30T19:49:12","date_gmt":"2020-04-30T19:49:12","guid":{"rendered":"http:\/\/vonbrese.de\/?page_id=55"},"modified":"2026-04-13T11:37:41","modified_gmt":"2026-04-13T11:37:41","slug":"referenzen","status":"publish","type":"page","link":"https:\/\/vonbrese.de\/?page_id=55","title":{"rendered":"Referenzen"},"content":{"rendered":"\t\t<div data-elementor-type=\"wp-page\" data-elementor-id=\"55\" class=\"elementor elementor-55\">\n\t\t\t\t\t\t<section class=\"elementor-section elementor-top-section elementor-element elementor-element-d700c5b elementor-section-boxed elementor-section-height-default elementor-section-height-default\" data-id=\"d700c5b\" data-element_type=\"section\" data-e-type=\"section\" data-settings=\"{&quot;background_background&quot;:&quot;classic&quot;}\">\n\t\t\t\t\t\t<div class=\"elementor-container elementor-column-gap-default\">\n\t\t\t\t\t<div class=\"elementor-column elementor-col-50 elementor-top-column elementor-element elementor-element-2a9c99a\" data-id=\"2a9c99a\" data-element_type=\"column\" data-e-type=\"column\">\n\t\t\t<div class=\"elementor-widget-wrap elementor-element-populated\">\n\t\t\t\t\t\t<div class=\"elementor-element elementor-element-8d80083 elementor-widget elementor-widget-text-editor\" data-id=\"8d80083\" data-element_type=\"widget\" data-e-type=\"widget\" data-widget_type=\"text-editor.default\">\n\t\t\t\t<div class=\"elementor-widget-container\">\n\t\t\t\t\t\t\t\t\t<p>Referenzen und Projekte<\/p>\n<h1>In den vergangenen Jahren habe ich viele Softwareprojekte f\u00fcr namhafte Pfandbriefbanken und Kreditinstitute unterst\u00fctzt. Dieser Erfahrungsschatz flie\u00dft in jedes neue Projekt ein.<\/h1>\n<h2 style=\"font-variant-caps: normal; font-style: normal; letter-spacing: normal;\"><span style=\"font-family: Verdana, sans-serif; font-size: 12px; font-weight: bold; letter-spacing: 0px;\">Juli 2019 bis heute<\/span><\/h2>\n<div>\n<h1 style=\"font-variant-caps: normal; font-style: normal; letter-spacing: normal;\">Testmanagement im Projekt Einf\u00fchrung Limitsystem und anschlie\u00dfende laufende Produktion bei einer Landesbank.<\/h1>\n<\/div>\n<h2 style=\"font-variant-caps: normal; font-style: normal; letter-spacing: normal;\">&nbsp;<\/h2>\n<h2 style=\"font-variant-caps: normal; font-style: normal; letter-spacing: normal;\">Oktober 2018 bis Juni 2019<\/h2>\n<h1 style=\"font-variant-caps: normal; font-style: normal; letter-spacing: normal;\">Fachlicher Beratung und Teilprojektleitung im Projekt Datenanonymisierung bei einer Landesbank.<\/h1>\n<p><\/p>\n<h2 style=\"font-variant-caps: normal; font-style: normal; letter-spacing: normal;\">&nbsp;<\/h2>\n<h2 style=\"font-variant-caps: normal; font-style: normal; letter-spacing: normal;\">Januar 2015 bis September 2018<\/h2>\n<div>\n<h1>Fachlicher Beratung und Testmanager in Projekten und in der Linie (u.a. FinRep, IFRS 9, laufendes Testmanagement) bei einer Leasinggesellschaft.<\/h1>\n<\/div>\n<div>&nbsp;<\/div>\n<div>\n<h2 style=\"font-variant-caps: normal; font-style: normal; letter-spacing: normal;\">Februar 2014 bis Dezember 2014<\/h2>\n<div>\n<h1>Fachlicher Berater im Projekt &#8222;Migration von Money Market-Gesch\u00e4fte vom Frontoffice ins&nbsp;Backofficesystem&#8220; (Erstellung der Fachkonzepte und Testkonzepte) bei einer Landesbank.<\/h1>\n<\/div>\n<h2 style=\"font-variant-caps: normal; font-style: normal; letter-spacing: normal;\">&nbsp;<\/h2>\n<h2 style=\"font-variant-caps: normal; font-style: normal; letter-spacing: normal;\">August 2013 bis Januar 2014<\/h2>\n<div>\n<h1 style=\"font-variant-caps: normal; font-style: normal; letter-spacing: normal;\">\u00dcbernahme einer Teilprojektleitung im Bereich &#8222;Integration Governance&#8220; und &#8222;Delivery Management&#8220; bei einer deutschen Gro\u00dfbank:&nbsp;<br>Umstellung auf SAP BP mit Analyse der zu \u00e4ndernden (neu, \u00e4ndern, abschalten) Schnittstellen&nbsp;im Zusammenhang mit der Abschaltung des alten Systems der Partnerdaten.<\/h1>\n<\/div>\n<div>&nbsp;<\/div>\n<h2 style=\"font-variant-caps: normal; font-style: normal; letter-spacing: normal;\">Februar 2003 bis Juli 2013<\/h2>\n<div>\n<h1><span style=\"line-height: 15px; font-family: Verdana, Arial, Helvetica, sans-serif; font-size: 11px;\">Unterst\u00fctzung der Hypo Real Estate Systems GmbH<\/span><span style=\"font-size: 12px; font-weight: 600;\">&nbsp;<\/span>(ehemals GfA Gesellschaft f\u00fcr&nbsp;Anwendungssoftware mbH), Stuttgart, System PARIS, in diversen Migrationsprojekten bei&nbsp;Pfandbriefbanken: Outsourcing auf SAP, Kauf und Verkauf von Darlehensportfolien, Datenmigration von SAP (BP, CML, CMS) auf PARIS und Anbindung von PARIS an&nbsp;SAP (BP, CML, CMS), Aufbau einer systemunabh\u00e4ngigen Datenschnittstelle.<\/h1>\n<p style=\"font-variant-caps: normal; font-family: Verdana, sans-serif; font-size: 12px; font-style: normal;\">\n<\/p><\/div>\n<h2 style=\"font-variant-caps: normal; font-style: normal; letter-spacing: normal;\">&nbsp;<\/h2>\n<h2 style=\"font-variant-caps: normal; font-style: normal; letter-spacing: normal;\">September 2001 bis Dezember 2002<\/h2>\n<div>\n<h1 style=\"font-variant-caps: normal; font-style: normal; letter-spacing: normal;\">Unterst\u00fctzung der AHBR (heute Corealcredit Bank AG) im Bereich PARIS: Fehler- und \u00c4nderungsdienst mit Vorgaben und Tests, Aufbereitung der PARIS-Daten f\u00fcr die Migration&nbsp;von PARIS nach SAP.<\/h1>\n<\/div>\n<div>&nbsp;<\/div>\n<h2 style=\"font-variant-caps: normal; font-style: normal; letter-spacing: normal;\"><span style=\"font-family: Verdana, sans-serif; font-size: 12px; font-style: normal; font-variant-caps: normal; font-weight: bold;\">Oktober 1999 bis Dezember 2001<\/span><\/h2>\n<div>\n<h1>Projektmanagement und -leitung (DSV): Keymanagement f\u00fcr Homebanking<\/h1>\n<\/div>\n<div>&nbsp;<\/div>\n<h2 style=\"font-variant-caps: normal; font-style: normal; letter-spacing: normal;\"><span style=\"font-family: Verdana, sans-serif; font-size: 12px; font-style: normal; font-variant-caps: normal; font-weight: bold;\">Januar 1998 bis September 1999<\/span><\/h2>\n<div>\n<h1 style=\"font-variant-caps: normal; font-style: normal; letter-spacing: normal;\">Projektmanagement und -leitung (DSV): Konzeption und Qualit\u00e4tsmanagement f\u00fcr die Reorganisation der Kartenmediendistribution.<\/h1>\n<\/div>\n<div><span style=\"font-family: Verdana, sans-serif; font-size: 12px; font-style: normal; font-variant-caps: normal; font-weight: bold;\">&nbsp;<\/span><\/div>\n<\/div>\n<h2 style=\"font-variant-caps: normal; font-style: normal; letter-spacing: normal;\">Vor 1998<\/h2>\n<div>\n<h1 style=\"font-variant-caps: normal; font-style: normal; letter-spacing: normal;\">PARIS-Projekte: Erstellung einer Studie und des DV-Designs f\u00fcr eine Erweiterung von PARIS, Fachbereichsunterst\u00fctzung w\u00e4hrend der Realisierungsphase, Test, Schulung, Erstellung eines Benutzerhandbuches und Migration der Bestandsdaten:&nbsp;<br><span style=\"font-family: Verdana, Geneva, sans-serif; font-size: 11px; color: #009966;\">\u2022<\/span>&nbsp;maschinelle Abwicklung von Konsortialfinanzierungen und Verbundfinanzierungen&nbsp;<br><span style=\"font-family: Verdana, Geneva, sans-serif; font-size: 11px; color: #009966;\">\u2022<\/span>&nbsp;maschinelle Anforderung von Bonit\u00e4tsunterlagen gem\u00e4\u00df 18 KWG&nbsp;<br><span style=\"font-family: Verdana, Geneva, sans-serif; font-size: 11px; color: #009966;\">\u2022<\/span>&nbsp;Umstellung der PARIS Fremdw\u00e4hrungsf\u00e4higkeit&nbsp;<br><span style=\"font-family: Verdana, Geneva, sans-serif; font-size: 11px; color: #009966;\">\u2022<\/span>&nbsp;Abwicklung der Euro-Umstellung ab 1. Januar 1999 und 1. Januar 2001&nbsp;<br><span style=\"font-family: Verdana, Geneva, sans-serif; font-size: 11px; color: #009966;\">\u2022<\/span>&nbsp;Laufendes Fehler- und \u00c4nderungsmanagement f\u00fcr PARIS<\/h1>\n<\/div>\t\t\t\t\t\t\t\t<\/div>\n\t\t\t\t<\/div>\n\t\t\t\t\t<\/div>\n\t\t<\/div>\n\t\t\t\t<div class=\"elementor-column elementor-col-50 elementor-top-column elementor-element elementor-element-3183a2a\" data-id=\"3183a2a\" data-element_type=\"column\" data-e-type=\"column\">\n\t\t\t<div class=\"elementor-widget-wrap\">\n\t\t\t\t\t\t\t<\/div>\n\t\t<\/div>\n\t\t\t\t\t<\/div>\n\t\t<\/section>\n\t\t\t\t<\/div>\n\t\t","protected":false},"excerpt":{"rendered":"<p>Referenzen und Projekte In den vergangenen Jahren habe ich viele Softwareprojekte f\u00fcr namhafte Pfandbriefbanken und Kreditinstitute unterst\u00fctzt. Dieser Erfahrungsschatz flie\u00dft in jedes neue Projekt ein. Juli 2019 bis heute Testmanagement im Projekt Einf\u00fchrung Limitsystem und anschlie\u00dfende laufende Produktion bei einer Landesbank. &nbsp; Oktober 2018 bis Juni 2019 Fachlicher Beratung und Teilprojektleitung im Projekt Datenanonymisierung bei [&hellip;]<\/p>\n","protected":false},"author":1,"featured_media":0,"parent":0,"menu_order":0,"comment_status":"closed","ping_status":"closed","template":"","meta":{"ocean_post_layout":"full-screen","ocean_both_sidebars_style":"","ocean_both_sidebars_content_width":0,"ocean_both_sidebars_sidebars_width":0,"ocean_sidebar":"0","ocean_second_sidebar":"0","ocean_disable_margins":"enable","ocean_add_body_class":"","ocean_shortcode_before_top_bar":"","ocean_shortcode_after_top_bar":"","ocean_shortcode_before_header":"","ocean_shortcode_after_header":"","ocean_has_shortcode":"","ocean_shortcode_after_title":"","ocean_shortcode_before_footer_widgets":"","ocean_shortcode_after_footer_widgets":"","ocean_shortcode_before_footer_bottom":"","ocean_shortcode_after_footer_bottom":"","ocean_display_top_bar":"off","ocean_display_header":"on","ocean_header_style":"","ocean_center_header_left_menu":"0","ocean_custom_header_template":"0","ocean_custom_logo":0,"ocean_custom_retina_logo":0,"ocean_custom_logo_max_width":0,"ocean_custom_logo_tablet_max_width":0,"ocean_custom_logo_mobile_max_width":0,"ocean_custom_logo_max_height":0,"ocean_custom_logo_tablet_max_height":0,"ocean_custom_logo_mobile_max_height":0,"ocean_header_custom_menu":"0","ocean_menu_typo_font_family":"0","ocean_menu_typo_font_subset":"","ocean_menu_typo_font_size":0,"ocean_menu_typo_font_size_tablet":0,"ocean_menu_typo_font_size_mobile":0,"ocean_menu_typo_font_size_unit":"px","ocean_menu_typo_font_weight":"","ocean_menu_typo_font_weight_tablet":"","ocean_menu_typo_font_weight_mobile":"","ocean_menu_typo_transform":"","ocean_menu_typo_transform_tablet":"","ocean_menu_typo_transform_mobile":"","ocean_menu_typo_line_height":0,"ocean_menu_typo_line_height_tablet":0,"ocean_menu_typo_line_height_mobile":0,"ocean_menu_typo_line_height_unit":"","ocean_menu_typo_spacing":0,"ocean_menu_typo_spacing_tablet":0,"ocean_menu_typo_spacing_mobile":0,"ocean_menu_typo_spacing_unit":"","ocean_menu_link_color":"","ocean_menu_link_color_hover":"","ocean_menu_link_color_active":"","ocean_menu_link_background":"","ocean_menu_link_hover_background":"","ocean_menu_link_active_background":"","ocean_menu_social_links_bg":"","ocean_menu_social_hover_links_bg":"","ocean_menu_social_links_color":"","ocean_menu_social_hover_links_color":"","ocean_disable_title":"on","ocean_disable_heading":"default","ocean_post_title":"","ocean_post_subheading":"","ocean_post_title_style":"","ocean_post_title_background_color":"","ocean_post_title_background":0,"ocean_post_title_bg_image_position":"","ocean_post_title_bg_image_attachment":"","ocean_post_title_bg_image_repeat":"","ocean_post_title_bg_image_size":"","ocean_post_title_height":0,"ocean_post_title_bg_overlay":0.5,"ocean_post_title_bg_overlay_color":"","ocean_disable_breadcrumbs":"default","ocean_breadcrumbs_color":"","ocean_breadcrumbs_separator_color":"","ocean_breadcrumbs_links_color":"","ocean_breadcrumbs_links_hover_color":"","ocean_display_footer_widgets":"default","ocean_display_footer_bottom":"default","ocean_custom_footer_template":"0","footnotes":""},"class_list":["post-55","page","type-page","status-publish","hentry","entry"],"_links":{"self":[{"href":"https:\/\/vonbrese.de\/index.php?rest_route=\/wp\/v2\/pages\/55","targetHints":{"allow":["GET"]}}],"collection":[{"href":"https:\/\/vonbrese.de\/index.php?rest_route=\/wp\/v2\/pages"}],"about":[{"href":"https:\/\/vonbrese.de\/index.php?rest_route=\/wp\/v2\/types\/page"}],"author":[{"embeddable":true,"href":"https:\/\/vonbrese.de\/index.php?rest_route=\/wp\/v2\/users\/1"}],"replies":[{"embeddable":true,"href":"https:\/\/vonbrese.de\/index.php?rest_route=%2Fwp%2Fv2%2Fcomments&post=55"}],"version-history":[{"count":18,"href":"https:\/\/vonbrese.de\/index.php?rest_route=\/wp\/v2\/pages\/55\/revisions"}],"predecessor-version":[{"id":305,"href":"https:\/\/vonbrese.de\/index.php?rest_route=\/wp\/v2\/pages\/55\/revisions\/305"}],"wp:attachment":[{"href":"https:\/\/vonbrese.de\/index.php?rest_route=%2Fwp%2Fv2%2Fmedia&parent=55"}],"curies":[{"name":"wp","href":"https:\/\/api.w.org\/{rel}","templated":true}]}}