{"id":57,"date":"2020-04-30T19:49:43","date_gmt":"2020-04-30T19:49:43","guid":{"rendered":"http:\/\/vonbrese.de\/?page_id=57"},"modified":"2024-01-10T12:21:59","modified_gmt":"2024-01-10T12:21:59","slug":"vita","status":"publish","type":"page","link":"https:\/\/vonbrese.de\/?page_id=57","title":{"rendered":"Vita"},"content":{"rendered":"\t\t<div data-elementor-type=\"wp-page\" data-elementor-id=\"57\" class=\"elementor elementor-57\">\n\t\t\t\t\t\t<section class=\"elementor-section elementor-top-section elementor-element elementor-element-d700c5b elementor-section-boxed elementor-section-height-default elementor-section-height-default\" data-id=\"d700c5b\" data-element_type=\"section\" data-e-type=\"section\" data-settings=\"{&quot;background_background&quot;:&quot;classic&quot;}\">\n\t\t\t\t\t\t<div class=\"elementor-container elementor-column-gap-default\">\n\t\t\t\t\t<div class=\"elementor-column elementor-col-50 elementor-top-column elementor-element elementor-element-2a9c99a\" data-id=\"2a9c99a\" data-element_type=\"column\" data-e-type=\"column\">\n\t\t\t<div class=\"elementor-widget-wrap elementor-element-populated\">\n\t\t\t\t\t\t<div class=\"elementor-element elementor-element-8d80083 elementor-widget elementor-widget-text-editor\" data-id=\"8d80083\" data-element_type=\"widget\" data-e-type=\"widget\" data-widget_type=\"text-editor.default\">\n\t\t\t\t<div class=\"elementor-widget-container\">\n\t\t\t\t\t\t\t\t\t<p>Vita<\/p>\n<p style=\"font-style: normal; font-variant-caps: normal; color: #000000; font-size: 11px; font-family: Verdana, Arial, Helvetica, sans-serif; line-height: 15px;\">Das Hypothekenbank- und Baufinanzierungsgesch\u00e4ft hat seit meiner Ausbildung 1981 meinen beruflichen Werdegang gepr\u00e4gt. Das seitdem erworbene Wissen w\u00e4chst mit jedem neuen, anspruchsvollen Software- und Migrationsprojekt. Und Sie profitieren davon.<\/p>\n<p style=\"font-style: normal; font-variant-caps: normal; color: #000000; font-size: 11px; font-family: Verdana, Arial, Helvetica, sans-serif; line-height: 15px;\">Hier meine Vita und Qualifikationen im R\u00fcckblick:&nbsp;<\/p>\n<h2 style=\"font-variant-caps: normal; font-style: normal; letter-spacing: normal;\">Juli 2021 bis heute (voraussichtlich Ende 2024)<\/h2>\n<h1 style=\"font-variant-caps: normal; font-style: normal; letter-spacing: normal;\"><span style=\"font-variant-caps: normal; font-family: Verdana, Arial, Helvetica, sans-serif; font-size: 11px; font-style: normal;\">Freiberufliche Arbeit im Risikocontrolling: Test- und Releasemanagement in einem Projekt zur Einf\u00fchrung eines neuen Limitsystems<\/span><\/h1>\n<h2 style=\"font-variant-caps: normal; font-style: normal; letter-spacing: normal;\">September 2000 bis Juni 2021<\/h2>\n<h1><font face=\"Verdana, Arial, Helvetica, sans-serif\"><span style=\"font-size: 11px;\">Freiberufliche&nbsp;<\/span><\/font><span style=\"font-family: Verdana, Arial, Helvetica, sans-serif; font-size: 11px; font-style: normal; font-variant-caps: normal;\">rbeit in diversen DV- und Organisationsprojekten in Banken und bankenverbundenen Unternehm<\/span><span style=\"font-family: Verdana, Arial, Helvetica, sans-serif; font-size: 11px; font-style: normal; font-variant-caps: normal; letter-spacing: 0px;\">en<\/span><\/h1>\n<p style=\"font-style: normal; font-variant-caps: normal; color: #000000; font-size: 11px; font-family: Verdana, Arial, Helvetica, sans-serif; line-height: 15px;\">\n<\/p><h2 style=\"font-variant-caps: normal; font-style: normal; letter-spacing: normal; text-align: justify;\">Januar 1998 bis August 2000<\/h2>\n<h1><span style=\"caret-color: #000000; color: #000000; font-family: Verdana, Arial, Helvetica, sans-serif; font-size: 11px; font-style: normal; font-variant-caps: normal;\">Mitarbeiter der Firma Atos GmbH in Stuttgart: Projektleitung eines Projektes beim Deutschen Sparkassenverlag<\/span><\/h1>\n<div>\n<h2 style=\"font-variant-caps: normal; font-style: normal; letter-spacing: normal; text-align: justify;\">M\u00e4rz 1993 bis Dezember 1997<\/h2>\n<h1><span style=\"caret-color: #000000; color: #000000; font-family: Verdana, Arial, Helvetica, sans-serif; font-size: 11px; font-style: normal; font-variant-caps: normal;\">Sachbearbeiter bei der W\u00fcrttembergischen Hypothekenbank AG in Stuttgart im Auslands- und Inlandsbaufinanzierungsgesch\u00e4ft mit dem Schwerpunkt Konsortialfinanzierung, parallel dazu Teilnahme und Leitung von EDV-Projekten der Software der W\u00fcrttemberger Hypo (Eigenentwicklung: PARIS)<\/span><\/h1>\n<div>\n<h2 style=\"font-variant-caps: normal; font-style: normal; letter-spacing: normal;\"><span style=\"font-family: Verdana, sans-serif; font-size: 12px; font-style: normal; font-variant-caps: normal; font-weight: bold;\">Oktober 1987<\/span><span style=\"font-family: Verdana, sans-serif; font-size: 12px; font-style: normal; font-variant-caps: normal; font-weight: bold;\">&nbsp;bis Februar 1993<\/span><\/h2>\n<\/div>\n<h1><span style=\"font-family: Verdana, Arial, Helvetica, sans-serif;\"><span style=\"font-size: 11px;\">Sachbearbeiter im Baufinanzierungs- und Hypothekenbankgesch\u00e4ft in einer Stabsabteilung der Bayerischen Hypotheken- und Wechsel-Bank AG in M\u00fcnchen, anschlie\u00dfend f\u00fcr 2 1\/2&nbsp;Jahre&nbsp;<\/span><\/span><span style=\"caret-color: #000000; color: #000000; font-family: Verdana, Arial, Helvetica, sans-serif; font-size: 11px; font-style: normal; font-variant-caps: normal;\">Sachbearbeiter im Real Estate Department in der Niederlassung New York der Bayerischen Hypotheken- und Wechsel-Bank AG<\/span><\/h1>\n<p><\/p>\n<h2 style=\"font-variant-caps: normal; font-style: normal; letter-spacing: normal; text-align: justify;\"><span style=\"font-family: Verdana, sans-serif; font-size: 12px; font-style: normal; font-variant-caps: normal; font-weight: bold;\">April 1985 bis September 1987<\/span><\/h2>\n<h3><span style=\"caret-color: #000000; color: #000000; font-family: Verdana, Arial, Helvetica, sans-serif; font-size: 11px; font-style: normal; font-variant-caps: normal; font-weight: normal;\">Kundenbetreuer in einer Zweigstelle der Deutschen Bank AG in M\u00fcnchen<\/span><\/h3>\n<div><span style=\"color: #009e7e; font-family: Verdana, sans-serif; font-size: 12px; font-style: normal; font-variant-caps: normal; font-weight: bold;\">Januar 1983 bis M\u00e4rz 1985<\/span><\/div>\n<h1><span style=\"caret-color: #000000; color: #000000; font-family: Verdana, Arial, Helvetica, sans-serif; font-size: 11px; font-style: normal; font-variant-caps: normal;\">Baufinanzierungs- und Hypothekenbankgesch\u00e4ft bei der Frankfurter Hypothekenbank AG in Frankfurt<\/span><\/h1>\n<p><\/p>\n<h2 style=\"font-variant-caps: normal; font-style: normal; letter-spacing: normal; text-align: justify;\">August 1981 bis Juni 1983<\/h2>\n<h1><span style=\"caret-color: #000000; color: #000000; font-family: Verdana, Arial, Helvetica, sans-serif; font-size: 11px; font-style: normal; font-variant-caps: normal;\">Lehre zum Bankkaufmann bei der Deutschen Bank AG in Freiburg<\/span><\/h1>\n<h2 style=\"font-variant-caps: normal; font-style: normal; letter-spacing: normal; text-align: justify;\">August 1981<\/h2>\n<h1><span style=\"caret-color: #000000; color: #000000; font-family: Verdana, Arial, Helvetica, sans-serif; font-size: 11px; font-style: normal; font-variant-caps: normal;\">Abitur in Freiburg<\/span><\/h1>\n<\/div>\t\t\t\t\t\t\t\t<\/div>\n\t\t\t\t<\/div>\n\t\t\t\t\t<\/div>\n\t\t<\/div>\n\t\t\t\t<div class=\"elementor-column elementor-col-50 elementor-top-column elementor-element elementor-element-3183a2a\" data-id=\"3183a2a\" data-element_type=\"column\" data-e-type=\"column\">\n\t\t\t<div class=\"elementor-widget-wrap\">\n\t\t\t\t\t\t\t<\/div>\n\t\t<\/div>\n\t\t\t\t\t<\/div>\n\t\t<\/section>\n\t\t\t\t<\/div>\n\t\t","protected":false},"excerpt":{"rendered":"<p>Vita Das Hypothekenbank- und Baufinanzierungsgesch\u00e4ft hat seit meiner Ausbildung 1981 meinen beruflichen Werdegang gepr\u00e4gt. Das seitdem erworbene Wissen w\u00e4chst mit jedem neuen, anspruchsvollen Software- und Migrationsprojekt. Und Sie profitieren davon. Hier meine Vita und Qualifikationen im R\u00fcckblick:&nbsp; Juli 2021 bis heute (voraussichtlich Ende 2024) Freiberufliche Arbeit im Risikocontrolling: Test- und Releasemanagement in einem Projekt zur [&hellip;]<\/p>\n","protected":false},"author":1,"featured_media":0,"parent":0,"menu_order":0,"comment_status":"closed","ping_status":"closed","template":"","meta":{"ocean_post_layout":"full-screen","ocean_both_sidebars_style":"","ocean_both_sidebars_content_width":0,"ocean_both_sidebars_sidebars_width":0,"ocean_sidebar":"0","ocean_second_sidebar":"0","ocean_disable_margins":"enable","ocean_add_body_class":"","ocean_shortcode_before_top_bar":"","ocean_shortcode_after_top_bar":"","ocean_shortcode_before_header":"","ocean_shortcode_after_header":"","ocean_has_shortcode":"","ocean_shortcode_after_title":"","ocean_shortcode_before_footer_widgets":"","ocean_shortcode_after_footer_widgets":"","ocean_shortcode_before_footer_bottom":"","ocean_shortcode_after_footer_bottom":"","ocean_display_top_bar":"off","ocean_display_header":"on","ocean_header_style":"","ocean_center_header_left_menu":"0","ocean_custom_header_template":"0","ocean_custom_logo":0,"ocean_custom_retina_logo":0,"ocean_custom_logo_max_width":0,"ocean_custom_logo_tablet_max_width":0,"ocean_custom_logo_mobile_max_width":0,"ocean_custom_logo_max_height":0,"ocean_custom_logo_tablet_max_height":0,"ocean_custom_logo_mobile_max_height":0,"ocean_header_custom_menu":"0","ocean_menu_typo_font_family":"0","ocean_menu_typo_font_subset":"","ocean_menu_typo_font_size":0,"ocean_menu_typo_font_size_tablet":0,"ocean_menu_typo_font_size_mobile":0,"ocean_menu_typo_font_size_unit":"px","ocean_menu_typo_font_weight":"","ocean_menu_typo_font_weight_tablet":"","ocean_menu_typo_font_weight_mobile":"","ocean_menu_typo_transform":"","ocean_menu_typo_transform_tablet":"","ocean_menu_typo_transform_mobile":"","ocean_menu_typo_line_height":0,"ocean_menu_typo_line_height_tablet":0,"ocean_menu_typo_line_height_mobile":0,"ocean_menu_typo_line_height_unit":"","ocean_menu_typo_spacing":0,"ocean_menu_typo_spacing_tablet":0,"ocean_menu_typo_spacing_mobile":0,"ocean_menu_typo_spacing_unit":"","ocean_menu_link_color":"","ocean_menu_link_color_hover":"","ocean_menu_link_color_active":"","ocean_menu_link_background":"","ocean_menu_link_hover_background":"","ocean_menu_link_active_background":"","ocean_menu_social_links_bg":"","ocean_menu_social_hover_links_bg":"","ocean_menu_social_links_color":"","ocean_menu_social_hover_links_color":"","ocean_disable_title":"on","ocean_disable_heading":"default","ocean_post_title":"","ocean_post_subheading":"","ocean_post_title_style":"","ocean_post_title_background_color":"","ocean_post_title_background":0,"ocean_post_title_bg_image_position":"","ocean_post_title_bg_image_attachment":"","ocean_post_title_bg_image_repeat":"","ocean_post_title_bg_image_size":"","ocean_post_title_height":0,"ocean_post_title_bg_overlay":0.5,"ocean_post_title_bg_overlay_color":"","ocean_disable_breadcrumbs":"default","ocean_breadcrumbs_color":"","ocean_breadcrumbs_separator_color":"","ocean_breadcrumbs_links_color":"","ocean_breadcrumbs_links_hover_color":"","ocean_display_footer_widgets":"default","ocean_display_footer_bottom":"default","ocean_custom_footer_template":"0","footnotes":""},"class_list":["post-57","page","type-page","status-publish","hentry","entry"],"_links":{"self":[{"href":"https:\/\/vonbrese.de\/index.php?rest_route=\/wp\/v2\/pages\/57","targetHints":{"allow":["GET"]}}],"collection":[{"href":"https:\/\/vonbrese.de\/index.php?rest_route=\/wp\/v2\/pages"}],"about":[{"href":"https:\/\/vonbrese.de\/index.php?rest_route=\/wp\/v2\/types\/page"}],"author":[{"embeddable":true,"href":"https:\/\/vonbrese.de\/index.php?rest_route=\/wp\/v2\/users\/1"}],"replies":[{"embeddable":true,"href":"https:\/\/vonbrese.de\/index.php?rest_route=%2Fwp%2Fv2%2Fcomments&post=57"}],"version-history":[{"count":24,"href":"https:\/\/vonbrese.de\/index.php?rest_route=\/wp\/v2\/pages\/57\/revisions"}],"predecessor-version":[{"id":286,"href":"https:\/\/vonbrese.de\/index.php?rest_route=\/wp\/v2\/pages\/57\/revisions\/286"}],"wp:attachment":[{"href":"https:\/\/vonbrese.de\/index.php?rest_route=%2Fwp%2Fv2%2Fmedia&parent=57"}],"curies":[{"name":"wp","href":"https:\/\/api.w.org\/{rel}","templated":true}]}}