{"id":7,"date":"2020-04-30T10:49:41","date_gmt":"2020-04-30T10:49:41","guid":{"rendered":"http:\/\/vonbrese.de\/?page_id=7"},"modified":"2026-04-13T11:32:03","modified_gmt":"2026-04-13T11:32:03","slug":"von-brese-beratungs-gmbh","status":"publish","type":"page","link":"https:\/\/vonbrese.de\/","title":{"rendered":"Home"},"content":{"rendered":"\t\t<div data-elementor-type=\"wp-page\" data-elementor-id=\"7\" class=\"elementor elementor-7\">\n\t\t\t\t\t\t<section class=\"elementor-section elementor-top-section elementor-element elementor-element-d700c5b elementor-section-full_width elementor-section-height-default elementor-section-height-default\" data-id=\"d700c5b\" data-element_type=\"section\" data-e-type=\"section\" data-settings=\"{&quot;background_background&quot;:&quot;classic&quot;}\">\n\t\t\t\t\t\t<div class=\"elementor-container elementor-column-gap-default\">\n\t\t\t\t\t<div class=\"elementor-column elementor-col-50 elementor-top-column elementor-element elementor-element-2a9c99a\" data-id=\"2a9c99a\" data-element_type=\"column\" data-e-type=\"column\">\n\t\t\t<div class=\"elementor-widget-wrap elementor-element-populated\">\n\t\t\t\t\t\t<div class=\"elementor-element elementor-element-8d80083 elementor-widget elementor-widget-text-editor\" data-id=\"8d80083\" data-element_type=\"widget\" data-e-type=\"widget\" data-widget_type=\"text-editor.default\">\n\t\t\t\t<div class=\"elementor-widget-container\">\n\t\t\t\t\t\t\t\t\t<p style=\"font-style: normal; font-variant-caps: normal; color: #003399; font-size: 13px; font-family: Verdana, Geneva, sans-serif; line-height: 15px; font-weight: bold;\"><span style=\"font-family: Verdana, Geneva, sans-serif; font-size: 13px; font-style: normal; font-variant-caps: normal; font-weight: bold;\">Herzlichen Willkommen bei der Von Brese Beratungs GmbH<\/span><\/p>\n<h1><span style=\"font-size: 12px;\">Mit jahrelanger Berufserfahrung unterst\u00fctzt die Von Brese Beratungs GmbH namhafte Banken im In- und Ausland bei der Softwareentwicklung und Implementierung sowie bei der Datenmigration zur Einf\u00fchrung neuer Software. Dar\u00fcber hinaus werden Projektleitung, Testmanagement und Prozessmanagement \u00fcbernommen. Wir verf\u00fcgen \u00fcber entsprechende Referenzen.<\/span><span style=\"font-size: 12px;\"><br><\/span><\/h1>\n<h1><span style=\"font-size: 12px;\">Noch bis Ende 2026 unterst\u00fctze ich im Risikocontrolling in einer Bank und stehe f\u00fcr weitere Projekte nicht zur Verf\u00fcgung.<\/span><\/h1>\n<h1>Bis dahin freue ich mich \u00fcber Ihre Anfragen.&nbsp;<\/h1>\n<h1>Viele Gr\u00fc\u00dfe,<\/h1>\n<div>Britta von Brese<\/div>\t\t\t\t\t\t\t\t<\/div>\n\t\t\t\t<\/div>\n\t\t\t\t\t<\/div>\n\t\t<\/div>\n\t\t\t\t<div class=\"elementor-column elementor-col-50 elementor-top-column elementor-element elementor-element-3183a2a\" data-id=\"3183a2a\" data-element_type=\"column\" data-e-type=\"column\">\n\t\t\t<div class=\"elementor-widget-wrap elementor-element-populated\">\n\t\t\t\t\t\t<div class=\"elementor-element elementor-element-6344582 elementor-widget elementor-widget-image\" data-id=\"6344582\" data-element_type=\"widget\" data-e-type=\"widget\" data-widget_type=\"image.default\">\n\t\t\t\t<div class=\"elementor-widget-container\">\n\t\t\t\t\t\t\t\t\t\t\t\t<figure class=\"wp-caption\">\n\t\t\t\t\t\t\t\t\t\t<img fetchpriority=\"high\" decoding=\"async\" width=\"764\" height=\"1024\" src=\"http:\/\/vonbrese.de\/wp-content\/uploads\/2024\/03\/Ich-1-von-1-764x1024.jpeg\" class=\"attachment-large size-large wp-image-291\" alt=\"\" srcset=\"http:\/\/vonbrese.de\/wp-content\/uploads\/2024\/03\/Ich-1-von-1-764x1024.jpeg 764w, http:\/\/vonbrese.de\/wp-content\/uploads\/2024\/03\/Ich-1-von-1-224x300.jpeg 224w, http:\/\/vonbrese.de\/wp-content\/uploads\/2024\/03\/Ich-1-von-1-768x1029.jpeg 768w, http:\/\/vonbrese.de\/wp-content\/uploads\/2024\/03\/Ich-1-von-1.jpeg 853w\" sizes=\"(max-width: 764px) 100vw, 764px\" \/>\t\t\t\t\t\t\t\t\t\t\t<figcaption class=\"widget-image-caption wp-caption-text\"><\/figcaption>\n\t\t\t\t\t\t\t\t\t\t<\/figure>\n\t\t\t\t\t\t\t\t\t<\/div>\n\t\t\t\t<\/div>\n\t\t\t\t<div class=\"elementor-element elementor-element-ae4512f elementor-widget elementor-widget-text-editor\" data-id=\"ae4512f\" data-element_type=\"widget\" data-e-type=\"widget\" data-widget_type=\"text-editor.default\">\n\t\t\t\t<div class=\"elementor-widget-container\">\n\t\t\t\t\t\t\t\t\t<p><b><span style=\"color: #000080;\">Britta von Brese<\/span><br><\/b><\/p>\n<h1>Gesch\u00e4ftsf\u00fchrerin der<br>Von Brese Beratungs GmbH<br><br><\/h1>\n<h1>Sie haben Interesse an einer<br>Zusammenarbeit? Dann freue ich mich auf einen ersten&nbsp;<a href=\"http:\/\/vonbrese.de\/?page_id=59\" target=\"_blank\">Kontakt<\/a>.<\/h1>\n<p><\/p>\n<p><span style=\"color: #000080;\"><\/span><\/p>\t\t\t\t\t\t\t\t<\/div>\n\t\t\t\t<\/div>\n\t\t\t\t\t<\/div>\n\t\t<\/div>\n\t\t\t\t\t<\/div>\n\t\t<\/section>\n\t\t\t\t<\/div>\n\t\t","protected":false},"excerpt":{"rendered":"<p>Herzlichen Willkommen bei der Von Brese Beratungs GmbH Mit jahrelanger Berufserfahrung unterst\u00fctzt die Von Brese Beratungs GmbH namhafte Banken im In- und Ausland bei der Softwareentwicklung und Implementierung sowie bei der Datenmigration zur Einf\u00fchrung neuer Software. Dar\u00fcber hinaus werden Projektleitung, Testmanagement und Prozessmanagement \u00fcbernommen. Wir verf\u00fcgen \u00fcber entsprechende Referenzen. Noch bis Ende 2026 unterst\u00fctze ich [&hellip;]<\/p>\n","protected":false},"author":1,"featured_media":0,"parent":0,"menu_order":0,"comment_status":"closed","ping_status":"closed","template":"","meta":{"ocean_post_layout":"full-screen","ocean_both_sidebars_style":"","ocean_both_sidebars_content_width":0,"ocean_both_sidebars_sidebars_width":0,"ocean_sidebar":"0","ocean_second_sidebar":"0","ocean_disable_margins":"enable","ocean_add_body_class":"","ocean_shortcode_before_top_bar":"","ocean_shortcode_after_top_bar":"","ocean_shortcode_before_header":"","ocean_shortcode_after_header":"","ocean_has_shortcode":"","ocean_shortcode_after_title":"","ocean_shortcode_before_footer_widgets":"","ocean_shortcode_after_footer_widgets":"","ocean_shortcode_before_footer_bottom":"","ocean_shortcode_after_footer_bottom":"","ocean_display_top_bar":"off","ocean_display_header":"on","ocean_header_style":"minimal","ocean_center_header_left_menu":"0","ocean_custom_header_template":"0","ocean_custom_logo":0,"ocean_custom_retina_logo":0,"ocean_custom_logo_max_width":0,"ocean_custom_logo_tablet_max_width":0,"ocean_custom_logo_mobile_max_width":0,"ocean_custom_logo_max_height":0,"ocean_custom_logo_tablet_max_height":0,"ocean_custom_logo_mobile_max_height":0,"ocean_header_custom_menu":"0","ocean_menu_typo_font_family":"0","ocean_menu_typo_font_subset":"","ocean_menu_typo_font_size":0,"ocean_menu_typo_font_size_tablet":0,"ocean_menu_typo_font_size_mobile":0,"ocean_menu_typo_font_size_unit":"px","ocean_menu_typo_font_weight":"","ocean_menu_typo_font_weight_tablet":"","ocean_menu_typo_font_weight_mobile":"","ocean_menu_typo_transform":"","ocean_menu_typo_transform_tablet":"","ocean_menu_typo_transform_mobile":"","ocean_menu_typo_line_height":0,"ocean_menu_typo_line_height_tablet":0,"ocean_menu_typo_line_height_mobile":0,"ocean_menu_typo_line_height_unit":"","ocean_menu_typo_spacing":0,"ocean_menu_typo_spacing_tablet":0,"ocean_menu_typo_spacing_mobile":0,"ocean_menu_typo_spacing_unit":"","ocean_menu_link_color":"","ocean_menu_link_color_hover":"","ocean_menu_link_color_active":"","ocean_menu_link_background":"","ocean_menu_link_hover_background":"","ocean_menu_link_active_background":"","ocean_menu_social_links_bg":"","ocean_menu_social_hover_links_bg":"","ocean_menu_social_links_color":"","ocean_menu_social_hover_links_color":"","ocean_disable_title":"on","ocean_disable_heading":"default","ocean_post_title":"","ocean_post_subheading":"","ocean_post_title_style":"","ocean_post_title_background_color":"","ocean_post_title_background":0,"ocean_post_title_bg_image_position":"","ocean_post_title_bg_image_attachment":"","ocean_post_title_bg_image_repeat":"","ocean_post_title_bg_image_size":"","ocean_post_title_height":0,"ocean_post_title_bg_overlay":0.5,"ocean_post_title_bg_overlay_color":"","ocean_disable_breadcrumbs":"default","ocean_breadcrumbs_color":"","ocean_breadcrumbs_separator_color":"","ocean_breadcrumbs_links_color":"","ocean_breadcrumbs_links_hover_color":"","ocean_display_footer_widgets":"on","ocean_display_footer_bottom":"on","ocean_custom_footer_template":"0","footnotes":""},"class_list":["post-7","page","type-page","status-publish","hentry","entry"],"_links":{"self":[{"href":"https:\/\/vonbrese.de\/index.php?rest_route=\/wp\/v2\/pages\/7","targetHints":{"allow":["GET"]}}],"collection":[{"href":"https:\/\/vonbrese.de\/index.php?rest_route=\/wp\/v2\/pages"}],"about":[{"href":"https:\/\/vonbrese.de\/index.php?rest_route=\/wp\/v2\/types\/page"}],"author":[{"embeddable":true,"href":"https:\/\/vonbrese.de\/index.php?rest_route=\/wp\/v2\/users\/1"}],"replies":[{"embeddable":true,"href":"https:\/\/vonbrese.de\/index.php?rest_route=%2Fwp%2Fv2%2Fcomments&post=7"}],"version-history":[{"count":80,"href":"https:\/\/vonbrese.de\/index.php?rest_route=\/wp\/v2\/pages\/7\/revisions"}],"predecessor-version":[{"id":302,"href":"https:\/\/vonbrese.de\/index.php?rest_route=\/wp\/v2\/pages\/7\/revisions\/302"}],"wp:attachment":[{"href":"https:\/\/vonbrese.de\/index.php?rest_route=%2Fwp%2Fv2%2Fmedia&parent=7"}],"curies":[{"name":"wp","href":"https:\/\/api.w.org\/{rel}","templated":true}]}}